{"id":11,"date":"2018-05-07T09:29:47","date_gmt":"2018-05-07T09:29:47","guid":{"rendered":"http:\/\/www.hifimusicfestival.it\/?page_id=11"},"modified":"2019-06-23T19:47:45","modified_gmt":"2019-06-23T17:47:45","slug":"tickets","status":"publish","type":"page","link":"https:\/\/www.hifimusicfestival.it\/index.php\/tickets\/","title":{"rendered":"Tickets"},"content":{"rendered":"<p>[vc_row][vc_column icons_position=&#8221;left&#8221;][vc_empty_space height=&#8221;5em&#8221; alter_height=&#8221;none&#8221; hide_on_desktop=&#8221;&#8221; hide_on_notebook=&#8221;1&#8243; hide_on_tablet=&#8221;1&#8243; hide_on_mobile=&#8221;1&#8243;][vc_empty_space height=&#8221;3em&#8221; alter_height=&#8221;none&#8221; hide_on_desktop=&#8221;1&#8243; hide_on_notebook=&#8221;&#8221; hide_on_tablet=&#8221;&#8221; hide_on_mobile=&#8221;&#8221;]<div id=\"sc_title_2011973298\"\n\t\tclass=\"sc_title sc_title_default\"><h2 class=\"sc_item_title sc_title_title sc_align_center sc_item_title_style_default\">ci vediamo ad hifi <br> scegli il tuo ticket<\/h2><\/div><!-- \/.sc_title -->[vc_empty_space height=&#8221;3em&#8221; alter_height=&#8221;none&#8221; hide_on_desktop=&#8221;&#8221; hide_on_notebook=&#8221;&#8221; hide_on_tablet=&#8221;&#8221; hide_on_mobile=&#8221;&#8221;]<div  id=\"sc_price_451781280\" \n\tclass=\"sc_price sc_price_default\"><div class=\"sc_price_columns_wrap sc_item_columns trx_addons_columns_wrap columns_padding_bottom\"><div class=\"trx_addons_column-1_2\"><div class=\"sc_price_item sc_price_item_default\" style=\"background-image:url(https:\/\/www.hifimusicfestival.it\/wp-content\/uploads\/2019\/03\/ticket_viola.png);\">\n\t\t\t<div class=\"sc_price_item_inner\"><div class=\"sc_price_item_info\"><h3 class=\"sc_price_item_title\"><span>ALL DAYS PASS<\/span><\/h3><div class=\"sc_price_item_description\"><span>Abbonamento<\/span><\/div><div class=\"sc_price_item_price\"><span class=\"sc_price_item_price_before\">\u20ac<\/span><span class=\"sc_price_item_price_value\"> 50<\/span><span class=\"sc_price_item_price_after\">  \u20ac 70<\/span><\/div><div class=\"sc_price_item_details\">*A prezzo ridotto solo fino al 2 giugno.\nAbbonamento valido per tutte le giornate del festival, incluso braccialetto elettronico HIFI e 2 drink.\n\n<\/div><a href=\"https:\/\/www.ticketsms.it\/index.php?code=HIFI\" class=\"sc_price_item_link sc_button sc_button_simple\" target=\"_blank\">acquista ora<\/a><\/div><!-- \/.sc_price_item_info --><\/div><!-- \/.sc_price_item_inner --><\/div><\/div><div class=\"trx_addons_column-1_2\"><div class=\"sc_price_item sc_price_item_default\" style=\"background-image:url(https:\/\/www.hifimusicfestival.it\/wp-content\/uploads\/2019\/03\/ticket_red.png);\">\n\t\t\t<div class=\"sc_price_item_inner\"><div class=\"sc_price_item_info\"><h3 class=\"sc_price_item_title\"><span>ALL DAYS VIP<\/span><\/h3><div class=\"sc_price_item_description\"><span>Abbonamento VIP<\/span><\/div><div class=\"sc_price_item_price\"><span class=\"sc_price_item_price_before\">\u20ac<\/span><span class=\"sc_price_item_price_value\"> 65<\/span><span class=\"sc_price_item_price_after\">  \u20ac 80<\/span><\/div><div class=\"sc_price_item_details\">*A prezzo ridotto solo fino al 2 giugno.\nAbbonamento VIP valido per tutte le giornate del festival, incluso braccialetto elettronico HIFI con 5 drink e accesso all'area VIP riservata del festival!!\n\n<\/div><a href=\"https:\/\/www.ticketsms.it\/index.php?code=HIFI\" class=\"sc_price_item_link sc_button sc_button_simple\" target=\"_blank\">acquista ora<\/a><\/div><!-- \/.sc_price_item_info --><\/div><!-- \/.sc_price_item_inner --><\/div><\/div><\/div><\/div><!-- \/.sc_price --><div  id=\"sc_price_1119998162\" \n\tclass=\"sc_price sc_price_default\"><div class=\"sc_price_columns_wrap sc_item_columns trx_addons_columns_wrap columns_padding_bottom\"><div class=\"trx_addons_column-1_4\"><div class=\"sc_price_item sc_price_item_default\" style=\"background-image:url(https:\/\/www.hifimusicfestival.it\/wp-content\/uploads\/2019\/03\/ticket_grigio.png);\">\n\t\t\t<div class=\"sc_price_item_inner\"><div class=\"sc_price_item_info\"><h3 class=\"sc_price_item_title\"><span>gioved\u00ec 13 <\/span><span><\/span><span> venerd\u00ec 14<\/span><\/h3><div class=\"sc_price_item_description\"><span>Finley, ACIDI, Almost Blues...<\/span><\/div><div class=\"sc_price_item_price\"><span class=\"sc_price_item_price_before\">SOLO \u20ac<\/span><span class=\"sc_price_item_price_value\"> 2<\/span><\/div><div class=\"sc_price_item_details\">Gioved\u00ec 13 con i Finley e venerd\u00ec 14 con la serata rock per il live di ACIDI, Almost Blues e molti altri costano solo 2\u20ac e potrai pagare direttamente quando arrivi ad HIFI.<\/div><\/div><!-- \/.sc_price_item_info --><\/div><!-- \/.sc_price_item_inner --><\/div><\/div><div class=\"trx_addons_column-1_4\"><div class=\"sc_price_item sc_price_item_default\" style=\"background-image:url(https:\/\/www.hifimusicfestival.it\/wp-content\/uploads\/2018\/10\/image-rot-nocopyright.png);\">\n\t\t\t<div class=\"sc_price_item_inner\"><div class=\"sc_price_item_info\"><h3 class=\"sc_price_item_title\"><span>sabato 15<\/span><\/h3><div class=\"sc_price_item_description\"><span>Shade, Nitro, Silent Disco...<\/span><\/div><div class=\"sc_price_item_price\"><span class=\"sc_price_item_price_before\">\u20ac<\/span><span class=\"sc_price_item_price_value\"> 18<\/span><span class=\"sc_price_item_price_after\">  \u20ac 20<\/span><\/div><div class=\"sc_price_item_details\">*A prezzo ridotto solo fino al 2 giugno.\n\nLo spettacolo del sabato sera con Shade & Nitro in live! In apertura i The Miracle, e in chiusura la Silent Disco.<\/div><a href=\"https:\/\/www.ticketsms.it\/index.php?code=HIFI\" class=\"sc_price_item_link sc_button sc_button_simple\" target=\"_blank\">Acquista ora<\/a><\/div><!-- \/.sc_price_item_info --><\/div><!-- \/.sc_price_item_inner --><\/div><\/div><div class=\"trx_addons_column-1_4\"><div class=\"sc_price_item sc_price_item_default\" style=\"background-image:url(https:\/\/www.hifimusicfestival.it\/wp-content\/uploads\/2019\/03\/ticket_grigio.png);\">\n\t\t\t<div class=\"sc_price_item_inner\"><div class=\"sc_price_item_info\"><h3 class=\"sc_price_item_title\"><span>domenica 16<\/span><\/h3><div class=\"sc_price_item_description\"><span>HOLI Color, ScuolaZoo...<\/span><\/div><div class=\"sc_price_item_price\"><span class=\"sc_price_item_price_before\">SOLO \u20ac<\/span><span class=\"sc_price_item_price_value\"> 2<\/span><\/div><div class=\"sc_price_item_details\">Una giornata piena di colore e musica da ballare dedicata a ragazzi e famiglie ad un prezzo accessibile a chiunque!! Potrai pagare direttamente al botteghino quando arrivi.<\/div><\/div><!-- \/.sc_price_item_info --><\/div><!-- \/.sc_price_item_inner --><\/div><\/div><div class=\"trx_addons_column-1_4\"><div class=\"sc_price_item sc_price_item_default\" style=\"background-image:url(https:\/\/www.hifimusicfestival.it\/wp-content\/uploads\/2018\/10\/image-rot-nocopyright.png);\">\n\t\t\t<div class=\"sc_price_item_inner\"><div class=\"sc_price_item_info\"><h3 class=\"sc_price_item_title\"><span>COLOR RUN<\/span><\/h3><div class=\"sc_price_item_description\"><span>La corsa benefica<\/span><\/div><div class=\"sc_price_item_price\"><span class=\"sc_price_item_price_before\">\u20ac<\/span><span class=\"sc_price_item_price_value\"> 15<\/span><\/div><div class=\"sc_price_item_details\">Domenica 16 giugno Color Run benefica verso Ca'Leido. Inclusi nella quota: corsa, sacchetta, 2 bustine di colore, acqua e ingresso al festival per l'HOLI Color dopo la corsa.<\/div><a href=\"https:\/\/www.ticketsms.it\/index.php?code=bkxLbF3P\" class=\"sc_price_item_link sc_button sc_button_simple\" target=\"_blank\">Iscriviti ora<\/a><\/div><!-- \/.sc_price_item_info --><\/div><!-- \/.sc_price_item_inner --><\/div><\/div><\/div><\/div><!-- \/.sc_price --><div  id=\"sc_price_1166965720\" \n\tclass=\"sc_price sc_price_default\"><div class=\"sc_price_columns_wrap sc_item_columns trx_addons_columns_wrap columns_padding_bottom\"><div class=\"trx_addons_column-1_4\"><div class=\"sc_price_item sc_price_item_default\" style=\"background-image:url(https:\/\/www.hifimusicfestival.it\/wp-content\/uploads\/2019\/03\/ticket_grigio.png);\">\n\t\t\t<div class=\"sc_price_item_inner\"><div class=\"sc_price_item_info\"><h3 class=\"sc_price_item_title\"><span>gioved\u00ec 20<\/span><\/h3><div class=\"sc_price_item_description\"><span>Asbronzatissimi<\/span><\/div><div class=\"sc_price_item_price\"><span class=\"sc_price_item_price_before\">SOLO \u20ac<\/span><span class=\"sc_price_item_price_value\"> 2<\/span><\/div><div class=\"sc_price_item_details\">\u00c8 in arrivo il format pi\u00f9 irriverente del Veneto, gioved\u00ec 20 in esclusiva Asbronzatissimi!!<\/div><\/div><!-- \/.sc_price_item_info --><\/div><!-- \/.sc_price_item_inner --><\/div><\/div><div class=\"trx_addons_column-1_4\"><div class=\"sc_price_item sc_price_item_default\" style=\"background-image:url(https:\/\/www.hifimusicfestival.it\/wp-content\/uploads\/2018\/10\/image-rot-nocopyright.png);\">\n\t\t\t<div class=\"sc_price_item_inner\"><div class=\"sc_price_item_info\"><h3 class=\"sc_price_item_title\"><span>venerd\u00ec 21<\/span><\/h3><div class=\"sc_price_item_description\"><span>Ricky Le Roy, Igor S...<\/span><\/div><div class=\"sc_price_item_price\"><span class=\"sc_price_item_price_before\">\u20ac <\/span><span class=\"sc_price_item_price_value\">15<\/span><span class=\"sc_price_item_price_after\">  \u20ac 20<\/span><\/div><div class=\"sc_price_item_details\">*A prezzo ridotto solo fino al 2 giugno.\n\nITA: Italian Techno Artist\nSul palco Franchino, Ricky Le Roy, Igor S, Lady Brian e 00 Zicky!<\/div><a href=\"https:\/\/www.ticketsms.it\/index.php?code=HIFI\" class=\"sc_price_item_link sc_button sc_button_simple\">acquista ora<\/a><\/div><!-- \/.sc_price_item_info --><\/div><!-- \/.sc_price_item_inner --><\/div><\/div><div class=\"trx_addons_column-1_4\"><div class=\"sc_price_item sc_price_item_default\" style=\"background-image:url(https:\/\/www.hifimusicfestival.it\/wp-content\/uploads\/2018\/10\/image-rot-nocopyright.png);\">\n\t\t\t<div class=\"sc_price_item_inner\"><div class=\"sc_price_item_info\"><h3 class=\"sc_price_item_title\"><span>sabato 22<\/span><\/h3><div class=\"sc_price_item_description\"><span>Gabry Ponte, TBM, Silent Disco<\/span><\/div><div class=\"sc_price_item_price\"><span class=\"sc_price_item_price_before\">\u20ac <\/span><span class=\"sc_price_item_price_value\">18<\/span><span class=\"sc_price_item_price_after\">  \u20ac 20<\/span><\/div><div class=\"sc_price_item_details\">*A prezzo ridotto solo fino al 2 giugno.\n\nIl giorno piano atteso di HIFI 2019 con Gabry Ponte, TBM Throw Back Music e la Silent Disco!!<\/div><a href=\"https:\/\/www.ticketsms.it\/index.php?code=HIFI\" class=\"sc_price_item_link sc_button sc_button_simple\">acquista ora<\/a><\/div><!-- \/.sc_price_item_info --><\/div><!-- \/.sc_price_item_inner --><\/div><\/div><div class=\"trx_addons_column-1_4\"><div class=\"sc_price_item sc_price_item_default\" style=\"background-image:url(https:\/\/www.hifimusicfestival.it\/wp-content\/uploads\/2018\/10\/image-rot-nocopyright.png);\">\n\t\t\t<div class=\"sc_price_item_inner\"><div class=\"sc_price_item_info\"><h3 class=\"sc_price_item_title\"><span>domenica 23<\/span><\/h3><div class=\"sc_price_item_description\"><span>Land Of Comix<\/span><\/div><div class=\"sc_price_item_details\">Diamo il benvenuto a Dame e Cavalieri, nella prima edizione dell'evento Comix\/Cosplay nelle terre di Asolo.<\/div><\/div><!-- \/.sc_price_item_info --><\/div><!-- \/.sc_price_item_inner --><\/div><\/div><\/div><\/div><!-- \/.sc_price -->[vc_empty_space height=&#8221;5.7em&#8221; alter_height=&#8221;none&#8221; hide_on_desktop=&#8221;&#8221; hide_on_notebook=&#8221;&#8221; hide_on_tablet=&#8221;&#8221; hide_on_mobile=&#8221;&#8221;][\/vc_column][\/vc_row][vc_row full_width=&#8221;stretch_row&#8221; hide_bg_image_on_tablet=&#8221;&#8221; hide_bg_image_on_mobile=&#8221;&#8221; css=&#8221;.vc_custom_1526394246284{background-color: #f5f5f4 !important;}&#8221;][vc_column icons_position=&#8221;left&#8221;][vc_empty_space height=&#8221;6.35em&#8221; alter_height=&#8221;none&#8221; hide_on_desktop=&#8221;&#8221; hide_on_notebook=&#8221;&#8221; hide_on_tablet=&#8221;&#8221; hide_on_mobile=&#8221;&#8221;]<div id=\"sc_title_1188258270\"\n\t\tclass=\"sc_title sc_title_default\"><h2 class=\"sc_item_title sc_title_title sc_align_left sc_item_title_style_default\">FAQs<\/h2><\/div><!-- \/.sc_title -->[vc_row_inner][vc_column_inner width=&#8221;1\/2&#8243; icons_position=&#8221;left&#8221;][vc_toggle title=&#8221;Quanto costa partecipare ad HIFI Music Festival?&#8221; style=&#8221;arrow&#8221;]Ogni giorno ha un costo differente a seconda dell&#8217;artista che si esibisce, vai nella sezione \u00a0<a href=\"http:\/\/www.hifimusicfestival.it\/index.php\/tickets\/\">TICKETS<\/a>\u00a0del nostro sito web per scoprire tutti i prezzi e le offerte del momento.[\/vc_toggle][vc_toggle title=&#8221;Dove si trova precisamente il festival?&#8221; style=&#8221;arrow&#8221; open=&#8221;true&#8221;]Siamo ad Asolo (TV) in Via San Cosmo, segui le indicazioni del tuo navigatore per arrivare facilmente cliccando <a href=\"https:\/\/www.google.it\/maps\/place\/HIFI+Music+Festival\/@45.8100696,11.8876416,17z\/data=!3m1!4b1!4m5!3m4!1s0x4778d9d7399f4ead:0x9b40ea9bebb1b29e!8m2!3d45.8100659!4d11.8898303\">QUI<\/a>[\/vc_toggle][vc_toggle title=&#8221;Si pu\u00f2 mangiare ad HIFI?&#8221; style=&#8221;arrow&#8221;]Certamente si! E saremo lieti di poterti saziare tramite uno dei nostri fornitissimi truck food che quest&#8217;anno saranno diversi, dalla pizza ai panini, dalle frittelle ai gelati troverai sicuramente ci\u00f2 che ti piace![\/vc_toggle][\/vc_column_inner][vc_column_inner width=&#8221;1\/2&#8243; icons_position=&#8221;left&#8221;][vc_toggle title=&#8221;Lo sai che abbiamo ABOLITO i Token??&#8221; style=&#8221;arrow&#8221; open=&#8221;true&#8221;]Ci avete detto che non vi piaceva proprio l&#8217;utilizzo dei token per i pagamenti durante il festival quindi abbiamo deciso di ABOLIRLI una volta per tutte!!! E ora? Beh ora \u00e8 l&#8217;era del digitale, una volta che arrivi ad HIFI potrai facilmente ritirare un braccialetto o tessera elettronici chiamati PartyTap che ricaricherai di un importo a piacere e potrai utilizzare tutti i giorni del festival per acquistare cibo, bevande e molto altro. E se avanzi dei soldi POTRAI AVERLI INDIETRO QUANDO VUOI!![\/vc_toggle][vc_toggle title=&#8221;Lo sai che ad HIFI parcheggi GRATIS??&#8221; style=&#8221;arrow&#8221;]Se vieni ad HIFI non dovrai fare i salti mortali o centinaia di metri a piedi per trovare un parcheggio, vieni direttamente presso al location del festival e segui le indicazioni del personale addetto, AD HIFI TUTTI I PARCHEGGI SONO SEMRPE GRATUITI!![\/vc_toggle][\/vc_column_inner][\/vc_row_inner][vc_empty_space height=&#8221;2.7em&#8221; alter_height=&#8221;none&#8221; hide_on_desktop=&#8221;&#8221; hide_on_notebook=&#8221;&#8221; hide_on_tablet=&#8221;&#8221; hide_on_mobile=&#8221;&#8221;][\/vc_column][\/vc_row][vc_row css_animation=&#8221;none&#8221; hide_bg_image_on_tablet=&#8221;&#8221; hide_bg_image_on_mobile=&#8221;&#8221; shape_divider_top_front=&#8221;&#8221; shape_divider_bottom_front=&#8221;&#8221; row_delimiter=&#8221;&#8221; hide_on_desktop=&#8221;&#8221; hide_on_notebook=&#8221;&#8221; hide_on_tablet=&#8221;&#8221; hide_on_mobile=&#8221;&#8221; hide_on_frontpage=&#8221;&#8221; css=&#8221;.vc_custom_1553720544527{background-size: cover !important;}&#8221;][vc_column icons_position=&#8221;left&#8221;][vc_empty_space height=&#8221;6.4em&#8221; alter_height=&#8221;none&#8221; hide_on_desktop=&#8221;&#8221; hide_on_notebook=&#8221;&#8221; hide_on_tablet=&#8221;&#8221; hide_on_mobile=&#8221;&#8221;]<div id=\"sc_title_1302138443\"\n\t\tclass=\"sc_title sc_title_default\"><h2 class=\"sc_item_title sc_title_title sc_align_left sc_item_title_style_default\">Qualche domanda? Contattaci!<\/h2><\/div><!-- \/.sc_title -->[vc_empty_space height=&#8221;2.5em&#8221; alter_height=&#8221;none&#8221; hide_on_desktop=&#8221;&#8221; hide_on_notebook=&#8221;&#8221; hide_on_tablet=&#8221;&#8221; hide_on_mobile=&#8221;&#8221;]\n<div class=\"wpcf7 no-js\" id=\"wpcf7-f801-o1\" lang=\"en-US\" dir=\"ltr\">\n<div class=\"screen-reader-response\"><p role=\"status\" aria-live=\"polite\" aria-atomic=\"true\"><\/p> <ul><\/ul><\/div>\n<form action=\"\/index.php\/wp-json\/wp\/v2\/pages\/11#wpcf7-f801-o1\" method=\"post\" class=\"wpcf7-form init\" aria-label=\"Contact form\" novalidate=\"novalidate\" data-status=\"init\">\n<div style=\"display: none;\">\n<input type=\"hidden\" name=\"_wpcf7\" value=\"801\" \/>\n<input type=\"hidden\" name=\"_wpcf7_version\" value=\"5.7.6\" \/>\n<input type=\"hidden\" name=\"_wpcf7_locale\" value=\"en_US\" \/>\n<input type=\"hidden\" name=\"_wpcf7_unit_tag\" value=\"wpcf7-f801-o1\" \/>\n<input type=\"hidden\" name=\"_wpcf7_container_post\" value=\"0\" \/>\n<input type=\"hidden\" name=\"_wpcf7_posted_data_hash\" value=\"\" \/>\n<input type=\"hidden\" name=\"_wpcf7_recaptcha_response\" value=\"\" \/>\n<\/div>\n<div class=\"emojination_custom_about_form\">\n\t<div class=\"emojination_custom_about_form-wrapper\">\n\t\t<div>\n\t\t\t<p><span class=\"wpcf7-form-control-wrap\" data-name=\"your-name\"><input size=\"40\" class=\"wpcf7-form-control wpcf7-text wpcf7-validates-as-required\" aria-required=\"true\" aria-invalid=\"false\" placeholder=\"Nome\" value=\"\" type=\"text\" name=\"your-name\" \/><\/span><span class=\"wpcf7-form-control-wrap\" data-name=\"your-lastname\"><input size=\"40\" class=\"wpcf7-form-control wpcf7-text\" aria-invalid=\"false\" placeholder=\"Cognome\" value=\"\" type=\"text\" name=\"your-lastname\" \/><\/span>\n\t\t\t<\/p>\n\t\t<\/div>\n\t\t<div>\n\t\t\t<p><span class=\"wpcf7-form-control-wrap\" data-name=\"your-tel\"><input size=\"40\" class=\"wpcf7-form-control wpcf7-text wpcf7-tel wpcf7-validates-as-tel\" aria-invalid=\"false\" placeholder=\"Cellulare\" value=\"\" type=\"tel\" name=\"your-tel\" \/><\/span><span class=\"wpcf7-form-control-wrap\" data-name=\"your-email\"><input size=\"40\" class=\"wpcf7-form-control wpcf7-text wpcf7-email wpcf7-validates-as-required wpcf7-validates-as-email\" aria-required=\"true\" aria-invalid=\"false\" placeholder=\"Email\" value=\"\" type=\"email\" name=\"your-email\" \/><\/span>\n\t\t\t<\/p>\n\t\t<\/div>\n\t\t<p><span class=\"wpcf7-form-control-wrap\" data-name=\"your-message\"><textarea cols=\"40\" rows=\"10\" class=\"wpcf7-form-control wpcf7-textarea\" aria-invalid=\"false\" placeholder=\"Lascia un messaggio\" name=\"your-message\"><\/textarea><\/span>\n\t\t<\/p>\n\t<\/div>\n\t<div class=\"emojination_custom_about_form-submit\">\n\t\t<p><span class=\"wpcf7-form-control-wrap wpgdprc\"><span class=\"wpcf7-form-control wpcf7-validates-as-required wpcf7-wpgdprc\"><span class=\"wpcf7-list-item\"><input type=\"checkbox\" name=\"wpgdprc\" value=\"1\" aria-required=\"true\" aria-invalid=\"false\" \/><span class=\"wpcf7-list-item-label\">Usando questo form acconsenti affinch\u00e9 i tuoi dati siano trasmessi e salvati da questo sito.<\/span><\/span><\/span>    <\/span><br \/>\n<span class=\"emojination_button\"><input class=\"wpcf7-form-control has-spinner wpcf7-submit\" type=\"submit\" value=\"Invia\" \/><\/span>\n\t\t<\/p>\n\t<\/div>\n<\/div><div class=\"wpcf7-response-output\" aria-hidden=\"true\"><\/div>\n<\/form>\n<\/div>\n[vc_empty_space height=&#8221;4.2em&#8221; alter_height=&#8221;none&#8221; hide_on_desktop=&#8221;&#8221; hide_on_notebook=&#8221;&#8221; hide_on_tablet=&#8221;&#8221; hide_on_mobile=&#8221;&#8221;][\/vc_column][\/vc_row]<\/p>\n","protected":false},"excerpt":{"rendered":"<p>[vc_row][vc_column icons_position=&#8221;left&#8221;][vc_empty_space height=&#8221;5em&#8221; alter_height=&#8221;none&#8221; hide_on_desktop=&#8221;&#8221; hide_on_notebook=&#8221;1&#8243; hide_on_tablet=&#8221;1&#8243; hide_on_mobile=&#8221;1&#8243;][vc_empty_space height=&#8221;3em&#8221; alter_height=&#8221;none&#8221; hide_on_desktop=&#8221;1&#8243; hide_on_notebook=&#8221;&#8221; hide_on_tablet=&#8221;&#8221; hide_on_mobile=&#8221;&#8221;][vc_empty_space height=&#8221;3em&#8221; alter_height=&#8221;none&#8221; hide_on_desktop=&#8221;&#8221; hide_on_notebook=&#8221;&#8221; hide_on_tablet=&#8221;&#8221; hide_on_mobile=&#8221;&#8221;][vc_empty_space height=&#8221;5.7em&#8221; alter_height=&#8221;none&#8221; hide_on_desktop=&#8221;&#8221; hide_on_notebook=&#8221;&#8221; hide_on_tablet=&#8221;&#8221; hide_on_mobile=&#8221;&#8221;][\/vc_column][\/vc_row][vc_row full_width=&#8221;stretch_row&#8221; hide_bg_image_on_tablet=&#8221;&#8221; hide_bg_image_on_mobile=&#8221;&#8221; css=&#8221;.vc_custom_1526394246284{background-color:&hellip;<\/p>\n","protected":false},"author":1,"featured_media":0,"parent":0,"menu_order":0,"comment_status":"closed","ping_status":"closed","template":"","meta":{"footnotes":""},"class_list":["post-11","page","type-page","status-publish","hentry"],"_links":{"self":[{"href":"https:\/\/www.hifimusicfestival.it\/index.php\/wp-json\/wp\/v2\/pages\/11","targetHints":{"allow":["GET"]}}],"collection":[{"href":"https:\/\/www.hifimusicfestival.it\/index.php\/wp-json\/wp\/v2\/pages"}],"about":[{"href":"https:\/\/www.hifimusicfestival.it\/index.php\/wp-json\/wp\/v2\/types\/page"}],"author":[{"embeddable":true,"href":"https:\/\/www.hifimusicfestival.it\/index.php\/wp-json\/wp\/v2\/users\/1"}],"replies":[{"embeddable":true,"href":"https:\/\/www.hifimusicfestival.it\/index.php\/wp-json\/wp\/v2\/comments?post=11"}],"version-history":[{"count":38,"href":"https:\/\/www.hifimusicfestival.it\/index.php\/wp-json\/wp\/v2\/pages\/11\/revisions"}],"predecessor-version":[{"id":2091,"href":"https:\/\/www.hifimusicfestival.it\/index.php\/wp-json\/wp\/v2\/pages\/11\/revisions\/2091"}],"wp:attachment":[{"href":"https:\/\/www.hifimusicfestival.it\/index.php\/wp-json\/wp\/v2\/media?parent=11"}],"curies":[{"name":"wp","href":"https:\/\/api.w.org\/{rel}","templated":true}]}}